{"id":2,"date":"2017-03-13T10:46:45","date_gmt":"2017-03-13T10:46:45","guid":{"rendered":"https:\/\/zart-music.com\/?page_id=2"},"modified":"2025-02-07T18:15:15","modified_gmt":"2025-02-07T18:15:15","slug":"home-1","status":"publish","type":"page","link":"https:\/\/zart-music.com\/","title":{"rendered":"Home 1"},"content":{"rendered":"<div class=\"wpb-content-wrapper\"><p>[vc_row][vc_column][vc_column_text]<\/p>\n<div>\n<div>\n<p>[\/vc_column_text][\/vc_column][\/vc_row][vc_row full_width=&#8221;stretch_row&#8221;][vc_column][rev_slider_vc alias=&#8221;slider-1&#8243;][\/vc_column][\/vc_row][vc_row][vc_column icons_position=&#8221;left&#8221;][vc_empty_space alter_height=&#8221;huge&#8221; hide_on_mobile=&#8221;&#8221; css=&#8221;.vc_custom_1495790866099{margin-top: 0.9rem !important;}&#8221;]<div  id=\"sc_promo_1027703235\" \n\tclass=\"sc_promo color_style_default sc_promo_modern sc_promo_size_normal sc_promo_no_paddings sc_promo_image_position_left\"\n\t\t><div class=\"sc_promo_image_wrap\" style=\"width:54%;left: 0;\"><div class=\"sc_promo_image\" style=\"background-image:url(https:\/\/zart-music.com\/wp-content\/uploads\/2025\/01\/bio.png);\"><div id=\"sc_video_281030810\" class=\"trx_addons_video_player with_cover hover_play\"><div class=\"video_mask\"><\/div><a class=\"video_hover trx_addons_popup_link\" href=\"#sc_video_281030810_popup\"><\/a><\/div><\/div><div id=\"sc_video_281030810_popup\" class=\"sc_popup\"><div id=\"sc_video_281030810_popup_player\" class=\"trx_addons_video_player without_cover\"><div class=\"video_embed video_frame\"><iframe loading=\"lazy\" title=\"Anasart- Gangsta\u2019s paradis \/ Chebba\" width=\"1170\" height=\"658\" src=\"https:\/\/www.youtube.com\/embed\/9To5xL0eI1k?feature=oembed\" frameborder=\"0\" allow=\"accelerometer; autoplay; clipboard-write; encrypted-media; gyroscope; picture-in-picture; web-share\" referrerpolicy=\"strict-origin-when-cross-origin\" allowfullscreen><\/iframe><\/div><\/div><\/div><\/div><div class=\"sc_promo_text\" style=\"width: 46%;float: right;\">\n\t\t\t<div class=\"sc_promo_text_inner sc_content_width_46%\" style=\"\"><h6 class=\"sc_item_subtitle sc_promo_subtitle sc_align_left sc_item_title_style_default\">welcome<\/h6><h3 class=\"sc_item_title sc_promo_title sc_align_left sc_item_title_style_default\">my biography<\/h3><div class=\"sc_item_descr sc_promo_descr sc_align_left\"><p>Anas est un musicien polyvalent dont l\u2019art s\u2019\u00e9tend des m\u00e9lodies d\u00e9licates de son violon aux rythmes vibrants de la musique de DJ. Reconnu pour ses performances dynamiques, il m\u00e9lange harmonieusement les genres et les styles pour cr\u00e9er des exp\u00e9riences inoubliables, parfaitement adapt\u00e9es \u00e0 chaque \u00e9v\u00e9nement. Que ce soit pour instaurer une ambiance \u00e9l\u00e9gante lors des c\u00e9r\u00e9monies, ajouter une touche de charme aux cocktails ou enflammer la piste de danse lors de f\u00eates priv\u00e9es, Anas apporte une touche unique \u00e0 chaque occasion.<\/p>\n<\/div><div class=\"sc_item_button sc_item_button_default sc_promo_button sc_align_left sc_button_wrap sc_align_left\"><a href=\"\/biography-1\/\" id=\"sc_button_1624510662\" class=\"sc_button color_style_default sc_button_default sc_button_size_normal sc_button_icon_left\"><span class=\"sc_button_text\"><span class=\"sc_button_title\">Presskit here<\/span><\/span><!-- \/.sc_button_text --><\/a><!-- \/.sc_button --><\/div><!-- \/.sc_item_button sc_item_button_default sc_promo_button sc_align_left --><\/div>\n\t\t<\/div><!-- \/.sc_promo_text --><\/div><!-- \/.sc_promo -->[vc_empty_space alter_height=&#8221;huge&#8221; hide_on_mobile=&#8221;&#8221; css=&#8221;.vc_custom_1495808956314{margin-bottom: 2.45rem !important;}&#8221;][\/vc_column][\/vc_row][vc_row full_width=&#8221;stretch_row&#8221; css=&#8221;.vc_custom_1490965384121{background-color: #100726 !important;}&#8221;][vc_column icons_position=&#8221;left&#8221;][vc_empty_space alter_height=&#8221;huge&#8221; hide_on_mobile=&#8221;&#8221; css=&#8221;.vc_custom_1496403700541{margin-bottom: -1rem !important;}&#8221;][vc_empty_space alter_height=&#8221;huge&#8221; hide_on_mobile=&#8221;&#8221;][\/vc_column][\/vc_row][vc_row full_width=&#8221;stretch_row&#8221; css=&#8221;.vc_custom_1736143109110{background-image: url(https:\/\/zart-music.com\/wp-content\/uploads\/2025\/01\/ppp.png?id=1262) !important;background-position: center !important;background-repeat: no-repeat !important;background-size: cover !important;}&#8221;][vc_column][vc_empty_space][vc_empty_space]<div id=\"sc_title_1379373416\"\n\t\tclass=\"sc_title color_style_default sc_title_default\"><h6 class=\"sc_item_subtitle sc_title_subtitle sc_align_center sc_item_title_style_default\">VISITEZ NOTRE MAGASIN MEILLEURS MERCHS<\/h6><h3 class=\"sc_item_title sc_title_title sc_align_center sc_item_title_style_default\">ZART Magazin<\/h3><\/div><!-- \/.sc_title -->[\/vc_column][vc_column width=&#8221;1\/4&#8243;][vc_empty_space height=&#8221;25px&#8221; alter_height=&#8221;huge&#8221; hide_on_mobile=&#8221;&#8221; css=&#8221;.vc_custom_1736141837479{margin-bottom: 0.9rem !important;}&#8221;][\/vc_column][vc_column width=&#8221;1\/4&#8243;][vc_empty_space height=&#8221;25px&#8221; alter_height=&#8221;huge&#8221; hide_on_mobile=&#8221;&#8221; css=&#8221;.vc_custom_1736141808916{margin-bottom: 0.9rem !important;}&#8221;][vc_hoverbox image=&#8221;1176&#8243; primary_title=&#8221;Signe T-shirt&#8221; hover_title=&#8221;Signe T-shirt&#8221; hover_title_font_container=&#8221;color:%238224e3&#8243; hover_title_use_theme_fonts=&#8221;yes&#8221; hover_background_color=&#8221;white&#8221; hover_btn_title=&#8221;Commandez&#8221; hover_btn_color=&#8221;violet&#8221; hover_btn_i_icon_fontawesome=&#8221;icon-cart-2&#8243; use_custom_fonts_hover_title=&#8221;true&#8221; hover_add_button=&#8221;true&#8221; hover_btn_add_icon=&#8221;true&#8221; hover_btn_link=&#8221;url:https%3A%2F%2Fzart-music.com%2Findex.php%2Fshop%2F|title:Commandez&#8221;]Tissus de qualit\u00e9 sup\u00e9rieure, designs uniques et un \u00e9ventail infini de couleurs et de tailles pour convenir \u00e0 tous les styles et pr\u00e9f\u00e9rences.[\/vc_hoverbox][vc_empty_space alter_height=&#8221;huge&#8221; hide_on_mobile=&#8221;&#8221; css=&#8221;.vc_custom_1495712773848{margin-bottom: 0.9rem !important;}&#8221;][\/vc_column][vc_column width=&#8221;1\/4&#8243;][vc_empty_space height=&#8221;25px&#8221; alter_height=&#8221;huge&#8221; hide_on_mobile=&#8221;&#8221; css=&#8221;.vc_custom_1736141817389{margin-bottom: 0.9rem !important;}&#8221;][vc_hoverbox image=&#8221;1175&#8243; primary_title=&#8221;Caisse Violon&#8221; hover_title=&#8221;Caisse Violon&#8221; hover_title_font_container=&#8221;color:%238224e3&#8243; hover_title_use_theme_fonts=&#8221;yes&#8221; hover_background_color=&#8221;white&#8221; hover_btn_title=&#8221;Commandez&#8221; hover_btn_color=&#8221;violet&#8221; hover_btn_i_icon_fontawesome=&#8221;icon-cart-2&#8243; use_custom_fonts_hover_title=&#8221;true&#8221; hover_add_button=&#8221;true&#8221; hover_btn_add_icon=&#8221;true&#8221; hover_btn_link=&#8221;url:https%3A%2F%2Fzart-music.com%2Findex.php%2Fshop%2F|title:Commandez&#8221;]Conception unique et mat\u00e9riaux durables assurent une protection sup\u00e9rieure pour votre pr\u00e9cieux instrument contre les chocs et l\u2019humidit\u00e9[\/vc_hoverbox][vc_empty_space alter_height=&#8221;huge&#8221; hide_on_mobile=&#8221;&#8221; css=&#8221;.vc_custom_1495712773848{margin-bottom: 0.9rem !important;}&#8221;][\/vc_column][vc_column width=&#8221;1\/4&#8243;][vc_empty_space height=&#8221;25px&#8221; alter_height=&#8221;huge&#8221; hide_on_mobile=&#8221;&#8221; css=&#8221;.vc_custom_1736141827446{margin-bottom: 0.9rem !important;}&#8221;][\/vc_column][\/vc_row][vc_row full_width=&#8221;stretch_row&#8221; css=&#8221;.vc_custom_1490961261983{background-color: #100726 !important;}&#8221;][vc_column][vc_empty_space alter_height=&#8221;huge&#8221; hide_on_mobile=&#8221;&#8221;]<div id=\"sc_title_159740404\"\n\t\tclass=\"sc_title color_style_default sc_title_default\"><h6 class=\"sc_item_subtitle sc_title_subtitle sc_align_center sc_item_title_style_default\">D\u00e9couvrez l'Art de l'\u00c9l\u00e9gance<\/h6><h3 class=\"sc_item_title sc_title_title sc_align_center sc_item_title_style_default\">ZART GALERIE<\/h3><\/div><!-- \/.sc_title --><div class=\"cq-dagallery-container\" style=\"width:100%;margin:0 auto;\"><ul class=\"cq-dagallery\" data-gallerywidth=\"100%\" data-width=\"240\" data-height=\"360\" data-color=\"#ffffff\" data-background=\"#8224e3\" data-opacity=\"0.8\"><li class=\"\" data-width=\"240\" data-height=\"360\" data-margin=\"15px\" style=\"margin:15px\"><a class=\"normal\" href=\"https:\/\/zart-music.com\/wp-content\/uploads\/2025\/01\/Anasart-2024-2-V1-scaled.jpg\" rel=\"265\"><img src='https:\/\/zart-music.com\/wp-content\/uploads\/2025\/01\/Anasart-2024-2-V1-scaled-480x576.jpg' width='240' height='360' alt='' \/><\/a><div class=\"dagallery-info\" style=\"padding:20px;color:#ffffff;background-color:#8224e3\"><\/div><\/li><li class=\"\" data-width=\"240\" data-height=\"360\" data-margin=\"15px\" style=\"margin:15px\"><a class=\"normal\" href=\"https:\/\/zart-music.com\/wp-content\/uploads\/2025\/01\/Anasart-2024-1-V2-scaled.jpg\" rel=\"265\"><img src='https:\/\/zart-music.com\/wp-content\/uploads\/2025\/01\/Anasart-2024-1-V2-scaled-480x576.jpg' width='240' height='360' alt='' \/><\/a><div class=\"dagallery-info\" style=\"padding:20px;color:#ffffff;background-color:#8224e3\"><\/div><\/li><li class=\"\" data-width=\"240\" data-height=\"360\" data-margin=\"15px\" style=\"margin:15px\"><a class=\"normal\" href=\"https:\/\/zart-music.com\/wp-content\/uploads\/2025\/01\/Peachy_Photo-scaled.jpeg\" rel=\"265\"><img src='https:\/\/zart-music.com\/wp-content\/uploads\/2025\/01\/Peachy_Photo-scaled-480x600.jpeg' width='240' height='360' alt='' \/><\/a><div class=\"dagallery-info\" style=\"padding:20px;color:#ffffff;background-color:#8224e3\"><\/div><\/li><li class=\"\" data-width=\"240\" data-height=\"360\" data-margin=\"15px\" style=\"margin:15px\"><a class=\"normal\" href=\"https:\/\/zart-music.com\/wp-content\/uploads\/2025\/01\/Fade-up-2-scaled.jpeg\" rel=\"265\"><img src='https:\/\/zart-music.com\/wp-content\/uploads\/2025\/01\/Fade-up-2-scaled-480x720.jpeg' width='240' height='360' alt='' \/><\/a><div class=\"dagallery-info\" style=\"padding:20px;color:#ffffff;background-color:#8224e3\"><\/div><\/li><li class=\"\" data-width=\"240\" data-height=\"360\" data-margin=\"15px\" style=\"margin:15px\"><a class=\"normal\" href=\"https:\/\/zart-music.com\/wp-content\/uploads\/2025\/01\/Fade-up-1-scaled.jpeg\" rel=\"265\"><img src='https:\/\/zart-music.com\/wp-content\/uploads\/2025\/01\/Fade-up-1-scaled-480x720.jpeg' width='240' height='360' alt='' \/><\/a><div class=\"dagallery-info\" style=\"padding:20px;color:#ffffff;background-color:#8224e3\"><\/div><\/li><li class=\"\" data-width=\"240\" data-height=\"360\" data-margin=\"15px\" style=\"margin:15px\"><a class=\"normal\" href=\"https:\/\/zart-music.com\/wp-content\/uploads\/2025\/01\/DSC09053-scaled.jpg\" rel=\"265\"><img src='https:\/\/zart-music.com\/wp-content\/uploads\/2025\/01\/DSC09053-scaled-480x720.jpg' width='240' height='360' alt='' \/><\/a><div class=\"dagallery-info\" style=\"padding:20px;color:#ffffff;background-color:#8224e3\"><\/div><\/li><li class=\"\" data-width=\"240\" data-height=\"360\" data-margin=\"15px\" style=\"margin:15px\"><a class=\"normal\" href=\"https:\/\/zart-music.com\/wp-content\/uploads\/2025\/01\/Die-3-scaled.jpeg\" rel=\"265\"><img src='https:\/\/zart-music.com\/wp-content\/uploads\/2025\/01\/Die-3-scaled-480x720.jpeg' width='240' height='360' alt='' \/><\/a><div class=\"dagallery-info\" style=\"padding:20px;color:#ffffff;background-color:#8224e3\"><\/div><\/li><li class=\"\" data-width=\"240\" data-height=\"360\" data-margin=\"15px\" style=\"margin:15px\"><a class=\"normal\" href=\"https:\/\/zart-music.com\/wp-content\/uploads\/2025\/01\/Die-2-scaled.jpeg\" rel=\"265\"><img src='https:\/\/zart-music.com\/wp-content\/uploads\/2025\/01\/Die-2-scaled-480x720.jpeg' width='240' height='360' alt='' \/><\/a><div class=\"dagallery-info\" style=\"padding:20px;color:#ffffff;background-color:#8224e3\"><\/div><\/li><li class=\"\" data-width=\"240\" data-height=\"360\" data-margin=\"15px\" style=\"margin:15px\"><a class=\"normal\" href=\"https:\/\/zart-music.com\/wp-content\/uploads\/2025\/01\/Anasart-1-2-scaled.jpg\" rel=\"265\"><img src='https:\/\/zart-music.com\/wp-content\/uploads\/2025\/01\/Anasart-1-2-scaled-480x320.jpg' width='240' height='360' alt='' \/><\/a><div class=\"dagallery-info\" style=\"padding:20px;color:#ffffff;background-color:#8224e3\"><\/div><\/li><li class=\"\" data-width=\"240\" data-height=\"360\" data-margin=\"15px\" style=\"margin:15px\"><a class=\"normal\" href=\"https:\/\/zart-music.com\/wp-content\/uploads\/2025\/01\/Product-1-1-scaled.jpg\" rel=\"265\"><img src='https:\/\/zart-music.com\/wp-content\/uploads\/2025\/01\/Product-1-1-scaled-480x610.jpg' width='240' height='360' alt='' \/><\/a><div class=\"dagallery-info\" style=\"padding:20px;color:#ffffff;background-color:#8224e3\"><\/div><\/li><\/ul><\/div>[vc_empty_space alter_height=&#8221;huge&#8221; hide_on_mobile=&#8221;&#8221; css=&#8221;.vc_custom_1495708386578{margin-bottom: -2.2rem !important;}&#8221;][\/vc_column][\/vc_row][vc_row el_class=&#8221;music_podcast&#8221;][vc_column icons_position=&#8221;left&#8221;][vc_empty_space alter_height=&#8221;medium&#8221; hide_on_mobile=&#8221;&#8221; css=&#8221;.vc_custom_1496414518814{margin-top: -0.6rem !important;}&#8221;]<div  id=\"sc_promo_374635525\" \n\tclass=\"sc_promo color_style_default sc_promo_modern sc_promo_size_normal sc_promo_no_paddings sc_promo_image_position_left\"\n\t\t><div class=\"sc_promo_image_wrap\" style=\"width:54%;left: 0;\"><div class=\"sc_promo_image\" style=\"background-image:url(https:\/\/zart-music.com\/wp-content\/uploads\/2017\/06\/podcast.jpg);\">                        <div\n                            class=\"sc_promo_content sc_item_content\"><div id=\"widget_audio_355352478\" class=\"widget_area sc_widget_audio vc_widget_audio wpb_content_element\"><aside id=\"widget_audio_355352478_widget\" class=\"widget widget_audio\"><div class=\"trx_addons_audio_player with_cover simple_style\" style=\"background-image:url(https:\/\/zart-music.com\/wp-content\/uploads\/2025\/01\/Please-Me-Remix-mp3-image.jpg);\">\t\t<div class=\"audio_info\">\n\t\t\t\t\t\t\t<h6 class=\"audio_author\">Zart<\/h6>\n\t\t\t\t\t\t\t\t\t\t<h5 class=\"audio_caption\">Please Me<\/h5>\n\t\t\t\t\t<\/div>\n\t\t<div class=\"audio_frame audio_local\"><audio class=\"wp-audio-shortcode\" id=\"audio-2-1\" preload=\"none\" style=\"width: 100%;\" controls=\"controls\"><source type=\"audio\/mpeg\" src=\"https:\/\/zart-music.com\/wp-content\/uploads\/2025\/01\/Please-Me-Remix.mp3?_=1\" \/><a href=\"https:\/\/zart-music.com\/wp-content\/uploads\/2025\/01\/Please-Me-Remix.mp3\">https:\/\/zart-music.com\/wp-content\/uploads\/2025\/01\/Please-Me-Remix.mp3<\/a><\/audio><\/div><\/div><\/aside><\/div><div id=\"widget_audio_1924112830\" class=\"widget_area sc_widget_audio vc_widget_audio wpb_content_element\"><aside id=\"widget_audio_1924112830_widget\" class=\"widget widget_audio\"><div class=\"trx_addons_audio_player with_cover simple_style\" style=\"background-image:url(https:\/\/zart-music.com\/wp-content\/uploads\/2025\/01\/Fade-Up-Remix-mp3-image.jpg);\">\t\t<div class=\"audio_info\">\n\t\t\t\t\t\t\t<h6 class=\"audio_author\">French Cut - Zart<\/h6>\n\t\t\t\t\t\t\t\t\t\t<h5 class=\"audio_caption\">Fade Up (Remix)<\/h5>\n\t\t\t\t\t<\/div>\n\t\t<div class=\"audio_frame audio_local\"><audio class=\"wp-audio-shortcode\" id=\"audio-2-2\" preload=\"none\" style=\"width: 100%;\" controls=\"controls\"><source type=\"audio\/mpeg\" src=\"https:\/\/zart-music.com\/wp-content\/uploads\/2025\/01\/Fade-Up-Remix.mp3?_=2\" \/><a href=\"https:\/\/zart-music.com\/wp-content\/uploads\/2025\/01\/Fade-Up-Remix.mp3\">https:\/\/zart-music.com\/wp-content\/uploads\/2025\/01\/Fade-Up-Remix.mp3<\/a><\/audio><\/div><\/div><\/aside><\/div><div id=\"widget_audio_1808256964\" class=\"widget_area sc_widget_audio vc_widget_audio wpb_content_element  vc_custom_1735786053436\"><aside id=\"widget_audio_1808256964_widget\" class=\"widget widget_audio\"><div class=\"trx_addons_audio_player with_cover simple_style\" style=\"background-image:url(https:\/\/zart-music.com\/wp-content\/uploads\/2025\/01\/Lose-Control-Acoustic-Cover-mp3-image.jpg);\">\t\t<div class=\"audio_info\">\n\t\t\t\t\t\t\t<h6 class=\"audio_author\">Julies - Zart<\/h6>\n\t\t\t\t\t\t\t\t\t\t<h5 class=\"audio_caption\">Lose Control - Acoustic Cover<\/h5>\n\t\t\t\t\t<\/div>\n\t\t<div class=\"audio_frame audio_local\"><audio class=\"wp-audio-shortcode\" id=\"audio-2-3\" preload=\"none\" style=\"width: 100%;\" controls=\"controls\"><source type=\"audio\/mpeg\" src=\"https:\/\/zart-music.com\/wp-content\/uploads\/2025\/01\/Lose-Control-Acoustic-Cover.mp3?_=3\" \/><a href=\"https:\/\/zart-music.com\/wp-content\/uploads\/2025\/01\/Lose-Control-Acoustic-Cover.mp3\">https:\/\/zart-music.com\/wp-content\/uploads\/2025\/01\/Lose-Control-Acoustic-Cover.mp3<\/a><\/audio><\/div><\/div><\/aside><\/div><\/div><\/div><\/div><div class=\"sc_promo_text\" style=\"width: 46%;float: right;\">\n\t\t\t<div class=\"sc_promo_text_inner sc_content_width_46%\" style=\"\"><h6 class=\"sc_item_subtitle sc_promo_subtitle sc_align_left sc_item_title_style_default\">music<\/h6><h3 class=\"sc_item_title sc_promo_title sc_align_left sc_item_title_style_default\">Covers<\/h3><div class=\"sc_item_descr sc_promo_descr sc_align_left\"><p>Son parcours musical est marqu\u00e9 par des collaborations avec d\u2019autres artistes et une performance remarquable. Cette richesse d\u2019exp\u00e9rience lui permet de proposer non seulement des prestations en solo, mais aussi des ensembles sur mesure, garantissant une exp\u00e9rience musicale immersive et personnalis\u00e9e.<\/p>\n<\/div><div class=\"sc_item_button sc_item_button_default sc_promo_button sc_align_left sc_button_wrap sc_align_left\"><a href=\"https:\/\/open.spotify.com\/artist\/2Ef3TgW8a4aGBUkl0yhcgC?si=Vud4BmF5Sim-wzYDbquOqA\" id=\"sc_button_1865339629\" class=\"sc_button color_style_default sc_button_default sc_button_size_normal sc_button_icon_left\"><span class=\"sc_button_text\"><span class=\"sc_button_title\">Spotify<\/span><\/span><!-- \/.sc_button_text --><\/a><!-- \/.sc_button --><\/div><!-- \/.sc_item_button sc_item_button_default sc_promo_button sc_align_left --><\/div>\n\t\t<\/div><!-- \/.sc_promo_text --><\/div><!-- \/.sc_promo -->[vc_empty_space alter_height=&#8221;huge&#8221; hide_on_mobile=&#8221;&#8221; css=&#8221;.vc_custom_1495808956314{margin-bottom: 2.45rem !important;}&#8221;][\/vc_column][\/vc_row][vc_row][vc_column][vc_column_text]<\/p>\n<\/div>\n<div>\n<p>[\/vc_column_text][\/vc_column][\/vc_row][vc_row full_width=&#8221;stretch_row&#8221; equal_height=&#8221;yes&#8221; content_placement=&#8221;middle&#8221; css=&#8221;.vc_custom_1496472224663{background-color: #f8f3ff !important;}&#8221;][vc_column icons_position=&#8221;left&#8221;][vc_empty_space alter_height=&#8221;large&#8221; hide_on_mobile=&#8221;&#8221; css=&#8221;.vc_custom_1496472219807{margin-bottom: 0.4rem !important;}&#8221;][\/vc_column][vc_column icons_position=&#8221;left&#8221; offset=&#8221;vc_col-lg-5 vc_col-md-5&#8243;][vc_column_text css=&#8221;&#8221;]<\/p>\n<h3 class=\"trx_addons_no_margin\"><span style=\"color: #100726;\">RESTER AU COURANT <\/span><span style=\"color: #d71362;\">ZART<\/span><\/h3>\n<p>Entrez votre email et soyez le premier \u00e0 \u00eatre inform\u00e9 des \u00e9v\u00e9nements![\/vc_column_text][vc_empty_space alter_height=&#8221;large&#8221; hide_on_mobile=&#8221;&#8221;][\/vc_column][vc_column icons_position=&#8221;left&#8221; offset=&#8221;vc_col-lg-7 vc_col-md-7&#8243;][vc_column_text]<script>(function() {\n\twindow.mc4wp = window.mc4wp || {\n\t\tlisteners: [],\n\t\tforms: {\n\t\t\ton: function(evt, cb) {\n\t\t\t\twindow.mc4wp.listeners.push(\n\t\t\t\t\t{\n\t\t\t\t\t\tevent   : evt,\n\t\t\t\t\t\tcallback: cb\n\t\t\t\t\t}\n\t\t\t\t);\n\t\t\t}\n\t\t}\n\t}\n})();\n<\/script><!-- Mailchimp for WordPress v4.10.1 - https:\/\/wordpress.org\/plugins\/mailchimp-for-wp\/ --><form id=\"mc4wp-form-1\" class=\"mc4wp-form mc4wp-form-553\" method=\"post\" data-id=\"553\" data-name=\"Form\" ><div class=\"mc4wp-form-fields\"><input type=\"email\" name=\"EMAIL\" placeholder=\"Your email address\" required \/><input type=\"submit\" value=\"Subscribe!\" \/>\n<div class=\"mcfwp-agree-input\">\n<label><input type=\"checkbox\" name=\"AGREE_TO_TERMS\" value=\"1\" required=\"\"><span>I have read and agree to the <a href=\"\/privacy-policy\/\" target=\"_blank\">terms &amp; conditions<\/a><\/span><\/label>\n<\/div>\n<\/div><label style=\"display: none !important;\">Leave this field empty if you're human: <input type=\"text\" name=\"_mc4wp_honeypot\" value=\"\" tabindex=\"-1\" autocomplete=\"off\" \/><\/label><input type=\"hidden\" name=\"_mc4wp_timestamp\" value=\"1776852061\" \/><input type=\"hidden\" name=\"_mc4wp_form_id\" value=\"553\" \/><input type=\"hidden\" name=\"_mc4wp_form_element_id\" value=\"mc4wp-form-1\" \/><div class=\"mc4wp-response\"><\/div><\/form><!-- \/ Mailchimp for WordPress Plugin -->[\/vc_column_text][vc_empty_space alter_height=&#8221;large&#8221; hide_on_mobile=&#8221;&#8221;][\/vc_column][\/vc_row][vc_row][vc_column][vc_column_text]<\/p>\n<\/div>\n<div>[\/vc_column_text][\/vc_column][\/vc_row][vc_row full_width=&#8221;stretch_row&#8221; css=&#8221;.vc_custom_1490961820830{background-image: url(https:\/\/zart-music.com\/wp-content\/uploads\/2017\/03\/bg-3.jpg?id=285) !important;background-position: center !important;background-repeat: no-repeat !important;background-size: cover !important;}&#8221;][vc_column][vc_empty_space alter_height=&#8221;huge&#8221; hide_on_mobile=&#8221;&#8221;][vc_empty_space alter_height=&#8221;huge&#8221; hide_on_mobile=&#8221;&#8221;][\/vc_column][\/vc_row][vc_row][vc_column][vc_column_text]<\/div>\n<\/div>\n<p>[\/vc_column_text][\/vc_column][\/vc_row]<\/p>\n<\/div>","protected":false},"excerpt":{"rendered":"<p>[vc_row][vc_column][vc_column_text] [\/vc_column_text][\/vc_column][\/vc_row][vc_row full_width=&#8221;stretch_row&#8221;][vc_column][rev_slider_vc alias=&#8221;slider-1&#8243;][\/vc_column][\/vc_row][vc_row][vc_column icons_position=&#8221;left&#8221;][vc_empty_space alter_height=&#8221;huge&#8221; hide_on_mobile=&#8221;&#8221; css=&#8221;.vc_custom_1495790866099{margin-top: 0.9rem !important;}&#8221;][vc_empty_space alter_height=&#8221;huge&#8221; hide_on_mobile=&#8221;&#8221; css=&#8221;.vc_custom_1495808956314{margin-bottom: 2.45rem !important;}&#8221;][\/vc_column][\/vc_row][vc_row full_width=&#8221;stretch_row&#8221; css=&#8221;.vc_custom_1490965384121{background-color: #100726 !important;}&#8221;][vc_column icons_position=&#8221;left&#8221;][vc_empty_space alter_height=&#8221;huge&#8221; hide_on_mobile=&#8221;&#8221; css=&#8221;.vc_custom_1496403700541{margin-bottom: -1rem !important;}&#8221;][vc_empty_space alter_height=&#8221;huge&#8221; hide_on_mobile=&#8221;&#8221;][\/vc_column][\/vc_row][vc_row full_width=&#8221;stretch_row&#8221; css=&#8221;.vc_custom_1736143109110{background-image: url(https:\/\/zart-music.com\/wp-content\/uploads\/2025\/01\/ppp.png?id=1262) !important;background-position: center !important;background-repeat: no-repeat !important;background-size: cover !important;}&#8221;][vc_column][vc_empty_space][vc_empty_space][\/vc_column][vc_column width=&#8221;1\/4&#8243;][vc_empty_space height=&#8221;25px&#8221; alter_height=&#8221;huge&#8221; hide_on_mobile=&#8221;&#8221; css=&#8221;.vc_custom_1736141837479{margin-bottom: 0.9rem !important;}&#8221;][\/vc_column][vc_column width=&#8221;1\/4&#8243;][vc_empty_space height=&#8221;25px&#8221; alter_height=&#8221;huge&#8221; hide_on_mobile=&#8221;&#8221; css=&#8221;.vc_custom_1736141808916{margin-bottom: 0.9rem !important;}&#8221;][vc_hoverbox image=&#8221;1176&#8243; primary_title=&#8221;Signe T-shirt&#8221; hover_title=&#8221;Signe T-shirt&#8221; hover_title_font_container=&#8221;color:%238224e3&#8243; hover_title_use_theme_fonts=&#8221;yes&#8221; hover_background_color=&#8221;white&#8221; hover_btn_title=&#8221;Commandez&#8221;&hellip;<\/p>\n","protected":false},"author":1,"featured_media":0,"parent":0,"menu_order":0,"comment_status":"closed","ping_status":"open","template":"","meta":{"footnotes":""},"class_list":["post-2","page","type-page","status-publish","hentry"],"_links":{"self":[{"href":"https:\/\/zart-music.com\/index.php\/wp-json\/wp\/v2\/pages\/2","targetHints":{"allow":["GET"]}}],"collection":[{"href":"https:\/\/zart-music.com\/index.php\/wp-json\/wp\/v2\/pages"}],"about":[{"href":"https:\/\/zart-music.com\/index.php\/wp-json\/wp\/v2\/types\/page"}],"author":[{"embeddable":true,"href":"https:\/\/zart-music.com\/index.php\/wp-json\/wp\/v2\/users\/1"}],"replies":[{"embeddable":true,"href":"https:\/\/zart-music.com\/index.php\/wp-json\/wp\/v2\/comments?post=2"}],"version-history":[{"count":41,"href":"https:\/\/zart-music.com\/index.php\/wp-json\/wp\/v2\/pages\/2\/revisions"}],"predecessor-version":[{"id":1295,"href":"https:\/\/zart-music.com\/index.php\/wp-json\/wp\/v2\/pages\/2\/revisions\/1295"}],"wp:attachment":[{"href":"https:\/\/zart-music.com\/index.php\/wp-json\/wp\/v2\/media?parent=2"}],"curies":[{"name":"wp","href":"https:\/\/api.w.org\/{rel}","templated":true}]}}